{"id":5,"date":"2023-03-06T10:23:01","date_gmt":"2023-03-06T13:23:01","guid":{"rendered":"https:\/\/bienalbp.org\/bp23\/?page_id=5"},"modified":"2023-11-29T10:58:51","modified_gmt":"2023-11-29T13:58:51","slug":"nosotros","status":"publish","type":"page","link":"https:\/\/bienalbp.org\/bp23\/nosotros\/","title":{"rendered":"Nosotros"},"content":{"rendered":"<p>El principal objetivo de la Bienal de Performance, organizada por la Fundaci\u00f3n Babilonia para las Artes, la Ciencia y la Cultura, es celebrar y visibilizar el arte de la performance.<\/p>\n<p>Apoyamos proyectos art\u00edsticos que escapan a definiciones duras o simplificadoras. Creemos en las expresiones interdisciplinarias y org\u00e1nicas, en las manifestaciones liminales, exc\u00e9ntricas y expandidas, en las que el cuerpo del artista se presenta en todo su potencial po\u00e9tico y revolucionario.<\/p>\n<p>Acompa\u00f1amos nuevas creaciones de creadores argentinos y reposiciones de piezas clave en la historia de la performance contempor\u00e1nea por artistas de larga trayectoria internacional.<\/p>\n<p>Tambi\u00e9n consagramos un segmento de la Bienal a las actividades acad\u00e9micas. Seminarios, workshops y encuentros buscan generar espacios de reflexi\u00f3n y exposici\u00f3n de ideas, con el objetivo de tender un puente entre el universo de la performance y el discurso acad\u00e9mico.<\/p>\n<p>Nos asociamos y dialogamos con diversas instituciones culturales locales y del exterior como reflejo de la pluralidad y la transversalidad de esta pr\u00e1ctica art\u00edstica.<\/p>\n<p>Queremos potenciar la conexi\u00f3n, interacci\u00f3n y cooperaci\u00f3n entre artistas e impulsar nuevos espacios de cruce, descubrimiento y transformaci\u00f3n que posibiliten el surgimiento de nuevos lenguajes.<\/p>\n<p>El equipo curatorial de BP est\u00e1 conformado por artistas y acad\u00e9micos que trabajan desde una perspectiva grupal y democr\u00e1tica, para crear y sostener un dispositivo de colaboraci\u00f3n que acompa\u00f1e a los artistas en sus investigaciones y producciones.<\/p>\n<p>Desde 2015, la Bienal de Performance ha sido una plataforma que convoca artistas, curadores y diferentes organizaciones culturales. Irrumpi\u00f3 en el contexto local sum\u00e1ndose a la constelaci\u00f3n de bienales internacionales y posibilitando la proyecci\u00f3n de los artistas locales.<\/p>\n<p>Explorar y confrontar nuevos modelos y metodolog\u00edas de curaci\u00f3n, promoci\u00f3n y producci\u00f3n en la pr\u00e1ctica de la performance, son premisas esenciales que postulan a la Bienal como una maquinaria de creaci\u00f3n y reflexi\u00f3n en movimiento.<\/p>\n<p>En 2023, renovamos nuestro compromiso con artistas, p\u00fablico e instituciones y esperamos reencontrarnos para celebrar juntos una nueva edici\u00f3n.<\/p>\n","protected":false},"excerpt":{"rendered":"<h3>Staff<\/h3>\n<p><strong>Direcci\u00f3n<\/strong><br \/>\nGraciela Casab\u00e9<\/p>\n<p><strong>Curadur\u00eda<\/strong><br \/>\nMaricel \u00c1lvarez<\/p>\n<p><strong>Direcci\u00f3n acad\u00e9mica<\/strong><br \/>\nSusana Tambutti<\/p>\n<p><strong>Producci\u00f3n general<\/strong><br \/>\nMelisa Santoro<\/p>\n<p><strong>Producci\u00f3n ejecutiva<\/strong><br \/>\nLuciana Grosman<\/p>\n<p><strong>Producci\u00f3n acad\u00e9mica<\/strong><br \/>\nNicol\u00e1s Licera<\/p>\n<p><strong>Prensa<\/strong><br \/>\nMarisol Cambre<\/p>\n<p><strong>Producci\u00f3n Audiovisual<\/strong><br \/>\nLaura Palermo<\/p>\n<p><strong>Coordinaci\u00f3n de traducciones e interpretaciones<\/strong><br \/>\nCasabest Communications<\/p>\n<p><strong>Redes sociales y administraci\u00f3n de contenidos web<\/strong><br \/>\nMart\u00edn Antu\u00f1a<\/p>\n<p><strong>Programaci\u00f3n web<\/strong><br \/>\nIndiano Bros<\/p>\n<p><strong>Dise\u00f1o de imagen<\/strong><br \/>\nBruno Fern\u00e1ndez<\/p>\n","protected":false},"author":1,"featured_media":0,"parent":0,"menu_order":0,"comment_status":"closed","ping_status":"closed","template":"page-nosotros.php","meta":[],"_links":{"self":[{"href":"https:\/\/bienalbp.org\/bp23\/wp-json\/wp\/v2\/pages\/5"}],"collection":[{"href":"https:\/\/bienalbp.org\/bp23\/wp-json\/wp\/v2\/pages"}],"about":[{"href":"https:\/\/bienalbp.org\/bp23\/wp-json\/wp\/v2\/types\/page"}],"author":[{"embeddable":true,"href":"https:\/\/bienalbp.org\/bp23\/wp-json\/wp\/v2\/users\/1"}],"replies":[{"embeddable":true,"href":"https:\/\/bienalbp.org\/bp23\/wp-json\/wp\/v2\/comments?post=5"}],"version-history":[{"count":7,"href":"https:\/\/bienalbp.org\/bp23\/wp-json\/wp\/v2\/pages\/5\/revisions"}],"predecessor-version":[{"id":269,"href":"https:\/\/bienalbp.org\/bp23\/wp-json\/wp\/v2\/pages\/5\/revisions\/269"}],"wp:attachment":[{"href":"https:\/\/bienalbp.org\/bp23\/wp-json\/wp\/v2\/media?parent=5"}],"curies":[{"name":"wp","href":"https:\/\/api.w.org\/{rel}","templated":true}]}}